{"id":118114,"date":"2022-11-19T12:53:47","date_gmt":"2022-11-19T12:53:47","guid":{"rendered":"https:\/\/maristelacolucci.com\/?page_id=118114"},"modified":"2024-04-25T11:49:42","modified_gmt":"2024-04-25T11:49:42","slug":"portfolio-ensaios-maristela","status":"publish","type":"page","link":"https:\/\/maristelacolucci.com\/en\/portfolio-ensaios-maristela\/","title":{"rendered":"Essays"},"content":{"rendered":"<div class=\"wpb-content-wrapper\"><div data-parent=\"true\" class=\"vc_row style-color-xsdn-bg row-container\" id=\"row-unique-0\"><div class=\"row double-top-padding double-bottom-padding no-h-padding full-width row-parent\"><div class=\"wpb_row row-inner\"><div class=\"wpb_column pos-top pos-center align_left column_parent col-lg-12 single-internal-gutter\"><div class=\"uncol style-light font-136269\"  ><div class=\"uncoltable\"><div class=\"uncell no-block-padding\" ><div class=\"uncont\" ><div id=\"index-1\" class=\"cssgrid-system cssgrid-general-light grid-general-light cssgrid-242640 cssgrid-animate-sequential\" >\n\t\t\t\n\t\t\t\t\t\t\t\t\t\t\t\t\t\t<div class=\"cssgrid-wrapper grid-wrapper cssgrid-double-gutter\" >\t\t\t\t\t\t\t\t\t\t\t\t<div class=\"cssgrid-container grid-container cssgrid-layout cssgrid-pagination grid-pagination\" >\t\t\t<div class=\"tmb atc-typography-inherit tmb-grid tmb-iso-h4 tmb-light tmb-content-center tmb-text-space-reduced tmb-image-anim-magnetic  grid-cat-164 tmb-id-118421 tmb-img-ratio tmb-content-under tmb-media-first tmb-no-bg\" ><div class=\"t-inside animate_when_almost_visible zoom-in\" data-cursor=\"icon-light\"><div class=\"t-entry-visual\"><div class=\"t-entry-visual-tc\"><div class=\"t-entry-visual-cont\"><div class=\"dummy\" style=\"padding-top: 66.7%;\"><\/div><a role=\"button\" tabindex=\"-1\" href=\"https:\/\/maristelacolucci.com\/en\/portfolio\/vendesi\/\" class=\"pushed\" target=\"_self\" data-lb-index=\"0\"><div class=\"t-entry-visual-overlay\"><div class=\"t-entry-visual-overlay-in style-dark-bg\" style=\"opacity: 0.5;\"><\/div><\/div><div class=\"t-overlay-wrap\"><div class=\"t-overlay-inner\">\n\t\t\t\t\t\t\t\t\t\t\t\t\t\t<div class=\"t-overlay-content\">\n\t\t\t\t\t\t\t\t\t\t\t\t\t\t\t<div class=\"t-overlay-text half-block-padding\"><div class=\"t-entry t-single-line\"><i class=\"fa fa-plus2 t-overlay-icon\"><\/i><\/div><\/div><\/div><\/div><\/div><img decoding=\"async\" class=\"wp-image-118541\" src=\"https:\/\/maristelacolucci.com\/wp-content\/uploads\/2023\/01\/000_capa_MAC5696_MaristelaColucci-min-uai-2000x1333.jpg\" width=\"2000\" height=\"1333\" alt=\"\" \/><\/a><\/div>\n\t\t\t\t\t<\/div>\n\t\t\t\t<\/div><div class=\"t-entry-text\">\n\t\t\t\t\t\t\t\t\t<div class=\"t-entry-text-tc half-block-padding\"><div class=\"t-entry\"><h3 class=\"t-entry-title h6 font-weight-500 title-scale\"><a href=\"https:\/\/maristelacolucci.com\/en\/portfolio\/vendesi\/\" target=\"_self\">VENDESI<\/a><\/h3><\/div><\/div>\n\t\t\t\t\t\t\t<\/div><\/div><\/div><div class=\"tmb atc-typography-inherit tmb-grid tmb-iso-h4 tmb-light tmb-content-center tmb-text-space-reduced tmb-image-anim-magnetic  grid-cat-164 tmb-id-119144 tmb-img-ratio tmb-content-under tmb-media-first tmb-no-bg\" ><div class=\"t-inside animate_when_almost_visible zoom-in\" data-cursor=\"icon-light\"><div class=\"t-entry-visual\"><div class=\"t-entry-visual-tc\"><div class=\"t-entry-visual-cont\"><div class=\"dummy\" style=\"padding-top: 66.8%;\"><\/div><a role=\"button\" tabindex=\"-1\" href=\"https:\/\/maristelacolucci.com\/en\/portfolio\/so-pode-ser-brincadeira-a\/\" class=\"pushed\" target=\"_self\" data-lb-index=\"1\"><div class=\"t-entry-visual-overlay\"><div class=\"t-entry-visual-overlay-in style-dark-bg\" style=\"opacity: 0.5;\"><\/div><\/div><div class=\"t-overlay-wrap\"><div class=\"t-overlay-inner\">\n\t\t\t\t\t\t\t\t\t\t\t\t\t\t<div class=\"t-overlay-content\">\n\t\t\t\t\t\t\t\t\t\t\t\t\t\t\t<div class=\"t-overlay-text half-block-padding\"><div class=\"t-entry t-single-line\"><i class=\"fa fa-plus2 t-overlay-icon\"><\/i><\/div><\/div><\/div><\/div><\/div><img decoding=\"async\" class=\"wp-image-118482\" src=\"https:\/\/maristelacolucci.com\/wp-content\/uploads\/2023\/01\/00_CAPA_maristela_colucci4-min.jpg\" width=\"900\" height=\"601\" alt=\"\" srcset=\"https:\/\/maristelacolucci.com\/wp-content\/uploads\/2023\/01\/00_CAPA_maristela_colucci4-min.jpg 900w, https:\/\/maristelacolucci.com\/wp-content\/uploads\/2023\/01\/00_CAPA_maristela_colucci4-min-300x200.jpg 300w, https:\/\/maristelacolucci.com\/wp-content\/uploads\/2023\/01\/00_CAPA_maristela_colucci4-min-768x513.jpg 768w, https:\/\/maristelacolucci.com\/wp-content\/uploads\/2023\/01\/00_CAPA_maristela_colucci4-min-18x12.jpg 18w, https:\/\/maristelacolucci.com\/wp-content\/uploads\/2023\/01\/00_CAPA_maristela_colucci4-min-350x234.jpg 350w, https:\/\/maristelacolucci.com\/wp-content\/uploads\/2023\/01\/00_CAPA_maristela_colucci4-min-600x401.jpg 600w\" sizes=\"(max-width: 900px) 100vw, 900px\" \/><\/a><\/div>\n\t\t\t\t\t<\/div>\n\t\t\t\t<\/div><div class=\"t-entry-text\">\n\t\t\t\t\t\t\t\t\t<div class=\"t-entry-text-tc half-block-padding\"><div class=\"t-entry\"><h3 class=\"t-entry-title h6 font-weight-500 title-scale\"><a href=\"https:\/\/maristelacolucci.com\/en\/portfolio\/so-pode-ser-brincadeira-a\/\" target=\"_self\">\"IT CAN ONLY BE A JOKE\"<\/a><\/h3><\/div><\/div>\n\t\t\t\t\t\t\t<\/div><\/div><\/div><div class=\"tmb atc-typography-inherit tmb-grid tmb-iso-h4 tmb-light tmb-content-center tmb-text-space-reduced tmb-image-anim-magnetic  grid-cat-164 tmb-id-118417 tmb-img-ratio tmb-content-under tmb-media-first tmb-no-bg\" ><div class=\"t-inside animate_when_almost_visible zoom-in\" data-cursor=\"icon-light\"><div class=\"t-entry-visual\"><div class=\"t-entry-visual-tc\"><div class=\"t-entry-visual-cont\"><div class=\"dummy\" style=\"padding-top: 66.8%;\"><\/div><a role=\"button\" tabindex=\"-1\" href=\"https:\/\/maristelacolucci.com\/en\/portfolio\/a-marcha-dos-peixes\/\" class=\"pushed\" target=\"_self\" data-lb-index=\"2\"><div class=\"t-entry-visual-overlay\"><div class=\"t-entry-visual-overlay-in style-dark-bg\" style=\"opacity: 0.5;\"><\/div><\/div><div class=\"t-overlay-wrap\"><div class=\"t-overlay-inner\">\n\t\t\t\t\t\t\t\t\t\t\t\t\t\t<div class=\"t-overlay-content\">\n\t\t\t\t\t\t\t\t\t\t\t\t\t\t\t<div class=\"t-overlay-text half-block-padding\"><div class=\"t-entry t-single-line\"><i class=\"fa fa-plus2 t-overlay-icon\"><\/i><\/div><\/div><\/div><\/div><\/div><img decoding=\"async\" class=\"wp-image-118463\" src=\"https:\/\/maristelacolucci.com\/wp-content\/uploads\/2023\/01\/CAPA_e_UNICA-min.jpg\" width=\"900\" height=\"601\" alt=\"\" srcset=\"https:\/\/maristelacolucci.com\/wp-content\/uploads\/2023\/01\/CAPA_e_UNICA-min.jpg 900w, https:\/\/maristelacolucci.com\/wp-content\/uploads\/2023\/01\/CAPA_e_UNICA-min-300x200.jpg 300w, https:\/\/maristelacolucci.com\/wp-content\/uploads\/2023\/01\/CAPA_e_UNICA-min-768x513.jpg 768w, https:\/\/maristelacolucci.com\/wp-content\/uploads\/2023\/01\/CAPA_e_UNICA-min-18x12.jpg 18w, https:\/\/maristelacolucci.com\/wp-content\/uploads\/2023\/01\/CAPA_e_UNICA-min-350x234.jpg 350w, https:\/\/maristelacolucci.com\/wp-content\/uploads\/2023\/01\/CAPA_e_UNICA-min-600x401.jpg 600w\" sizes=\"(max-width: 900px) 100vw, 900px\" \/><\/a><\/div>\n\t\t\t\t\t<\/div>\n\t\t\t\t<\/div><div class=\"t-entry-text\">\n\t\t\t\t\t\t\t\t\t<div class=\"t-entry-text-tc half-block-padding\"><div class=\"t-entry\"><h3 class=\"t-entry-title h6 font-weight-500 title-scale\"><a href=\"https:\/\/maristelacolucci.com\/en\/portfolio\/a-marcha-dos-peixes\/\" target=\"_self\">MARCH OF THE FISH<\/a><\/h3><\/div><\/div>\n\t\t\t\t\t\t\t<\/div><\/div><\/div><div class=\"tmb atc-typography-inherit tmb-grid tmb-iso-h4 tmb-light tmb-content-center tmb-text-space-reduced tmb-image-anim-magnetic  grid-cat-164 tmb-id-118415 tmb-img-ratio tmb-content-under tmb-media-first tmb-no-bg\" ><div class=\"t-inside animate_when_almost_visible zoom-in\" data-cursor=\"icon-light\"><div class=\"t-entry-visual\"><div class=\"t-entry-visual-tc\"><div class=\"t-entry-visual-cont\"><div class=\"dummy\" style=\"padding-top: 66.8%;\"><\/div><a role=\"button\" tabindex=\"-1\" href=\"https:\/\/maristelacolucci.com\/en\/portfolio\/um-quintal-uma-vizinha-um-outono\/\" class=\"pushed\" target=\"_self\" data-lb-index=\"3\"><div class=\"t-entry-visual-overlay\"><div class=\"t-entry-visual-overlay-in style-dark-bg\" style=\"opacity: 0.5;\"><\/div><\/div><div class=\"t-overlay-wrap\"><div class=\"t-overlay-inner\">\n\t\t\t\t\t\t\t\t\t\t\t\t\t\t<div class=\"t-overlay-content\">\n\t\t\t\t\t\t\t\t\t\t\t\t\t\t\t<div class=\"t-overlay-text half-block-padding\"><div class=\"t-entry t-single-line\"><i class=\"fa fa-plus2 t-overlay-icon\"><\/i><\/div><\/div><\/div><\/div><\/div><img decoding=\"async\" class=\"wp-image-118446\" src=\"https:\/\/maristelacolucci.com\/wp-content\/uploads\/2023\/01\/00_CAPA-min-2.jpg\" width=\"900\" height=\"601\" alt=\"\" srcset=\"https:\/\/maristelacolucci.com\/wp-content\/uploads\/2023\/01\/00_CAPA-min-2.jpg 900w, https:\/\/maristelacolucci.com\/wp-content\/uploads\/2023\/01\/00_CAPA-min-2-300x200.jpg 300w, https:\/\/maristelacolucci.com\/wp-content\/uploads\/2023\/01\/00_CAPA-min-2-768x513.jpg 768w, https:\/\/maristelacolucci.com\/wp-content\/uploads\/2023\/01\/00_CAPA-min-2-18x12.jpg 18w, https:\/\/maristelacolucci.com\/wp-content\/uploads\/2023\/01\/00_CAPA-min-2-350x234.jpg 350w, https:\/\/maristelacolucci.com\/wp-content\/uploads\/2023\/01\/00_CAPA-min-2-600x401.jpg 600w\" sizes=\"(max-width: 900px) 100vw, 900px\" \/><\/a><\/div>\n\t\t\t\t\t<\/div>\n\t\t\t\t<\/div><div class=\"t-entry-text\">\n\t\t\t\t\t\t\t\t\t<div class=\"t-entry-text-tc half-block-padding\"><div class=\"t-entry\"><h3 class=\"t-entry-title h6 font-weight-500 title-scale\"><a href=\"https:\/\/maristelacolucci.com\/en\/portfolio\/um-quintal-uma-vizinha-um-outono\/\" target=\"_self\">A BACKYARD, A NEIGHBOUR AND AN AUTUMN<\/a><\/h3><\/div><\/div>\n\t\t\t\t\t\t\t<\/div><\/div><\/div><div class=\"tmb atc-typography-inherit tmb-grid tmb-iso-h4 tmb-light tmb-content-center tmb-text-space-reduced tmb-image-anim-magnetic  grid-cat-164 tmb-id-118413 tmb-img-ratio tmb-content-under tmb-media-first tmb-no-bg\" ><div class=\"t-inside animate_when_almost_visible zoom-in\" data-cursor=\"icon-light\"><div class=\"t-entry-visual\"><div class=\"t-entry-visual-tc\"><div class=\"t-entry-visual-cont\"><div class=\"dummy\" style=\"padding-top: 66.8%;\"><\/div><a role=\"button\" tabindex=\"-1\" href=\"https:\/\/maristelacolucci.com\/en\/portfolio\/wanderlust\/\" class=\"pushed\" target=\"_self\" data-lb-index=\"4\"><div class=\"t-entry-visual-overlay\"><div class=\"t-entry-visual-overlay-in style-dark-bg\" style=\"opacity: 0.5;\"><\/div><\/div><div class=\"t-overlay-wrap\"><div class=\"t-overlay-inner\">\n\t\t\t\t\t\t\t\t\t\t\t\t\t\t<div class=\"t-overlay-content\">\n\t\t\t\t\t\t\t\t\t\t\t\t\t\t\t<div class=\"t-overlay-text half-block-padding\"><div class=\"t-entry t-single-line\"><i class=\"fa fa-plus2 t-overlay-icon\"><\/i><\/div><\/div><\/div><\/div><\/div><img decoding=\"async\" class=\"wp-image-118442\" src=\"https:\/\/maristelacolucci.com\/wp-content\/uploads\/2023\/01\/00_CAPA_PORTUGUES-min.jpg\" width=\"900\" height=\"601\" alt=\"\" srcset=\"https:\/\/maristelacolucci.com\/wp-content\/uploads\/2023\/01\/00_CAPA_PORTUGUES-min.jpg 900w, https:\/\/maristelacolucci.com\/wp-content\/uploads\/2023\/01\/00_CAPA_PORTUGUES-min-300x200.jpg 300w, https:\/\/maristelacolucci.com\/wp-content\/uploads\/2023\/01\/00_CAPA_PORTUGUES-min-768x513.jpg 768w, https:\/\/maristelacolucci.com\/wp-content\/uploads\/2023\/01\/00_CAPA_PORTUGUES-min-18x12.jpg 18w, https:\/\/maristelacolucci.com\/wp-content\/uploads\/2023\/01\/00_CAPA_PORTUGUES-min-350x234.jpg 350w, https:\/\/maristelacolucci.com\/wp-content\/uploads\/2023\/01\/00_CAPA_PORTUGUES-min-600x401.jpg 600w\" sizes=\"(max-width: 900px) 100vw, 900px\" \/><\/a><\/div>\n\t\t\t\t\t<\/div>\n\t\t\t\t<\/div><div class=\"t-entry-text\">\n\t\t\t\t\t\t\t\t\t<div class=\"t-entry-text-tc half-block-padding\"><div class=\"t-entry\"><h3 class=\"t-entry-title h6 font-weight-500 title-scale\"><a href=\"https:\/\/maristelacolucci.com\/en\/portfolio\/wanderlust\/\" target=\"_self\">WANDERLUST<\/a><\/h3><\/div><\/div>\n\t\t\t\t\t\t\t<\/div><\/div><\/div><div class=\"tmb atc-typography-inherit tmb-grid tmb-iso-h4 tmb-light tmb-content-center tmb-text-space-reduced tmb-image-anim-magnetic  grid-cat-164 tmb-id-118411 tmb-img-ratio tmb-content-under tmb-media-first tmb-no-bg\" ><div class=\"t-inside animate_when_almost_visible zoom-in\" data-cursor=\"icon-light\"><div class=\"t-entry-visual\"><div class=\"t-entry-visual-tc\"><div class=\"t-entry-visual-cont\"><div class=\"dummy\" style=\"padding-top: 66.8%;\"><\/div><a role=\"button\" tabindex=\"-1\" href=\"https:\/\/maristelacolucci.com\/en\/portfolio\/drive-in-life\/\" class=\"pushed\" target=\"_self\" data-lb-index=\"5\"><div class=\"t-entry-visual-overlay\"><div class=\"t-entry-visual-overlay-in style-dark-bg\" style=\"opacity: 0.5;\"><\/div><\/div><div class=\"t-overlay-wrap\"><div class=\"t-overlay-inner\">\n\t\t\t\t\t\t\t\t\t\t\t\t\t\t<div class=\"t-overlay-content\">\n\t\t\t\t\t\t\t\t\t\t\t\t\t\t\t<div class=\"t-overlay-text half-block-padding\"><div class=\"t-entry t-single-line\"><i class=\"fa fa-plus2 t-overlay-icon\"><\/i><\/div><\/div><\/div><\/div><\/div><img decoding=\"async\" class=\"wp-image-118432\" src=\"https:\/\/maristelacolucci.com\/wp-content\/uploads\/2023\/01\/00_CAPA-min-1.jpg\" width=\"900\" height=\"601\" alt=\"\" srcset=\"https:\/\/maristelacolucci.com\/wp-content\/uploads\/2023\/01\/00_CAPA-min-1.jpg 900w, https:\/\/maristelacolucci.com\/wp-content\/uploads\/2023\/01\/00_CAPA-min-1-300x200.jpg 300w, https:\/\/maristelacolucci.com\/wp-content\/uploads\/2023\/01\/00_CAPA-min-1-768x513.jpg 768w, https:\/\/maristelacolucci.com\/wp-content\/uploads\/2023\/01\/00_CAPA-min-1-18x12.jpg 18w, https:\/\/maristelacolucci.com\/wp-content\/uploads\/2023\/01\/00_CAPA-min-1-350x234.jpg 350w, https:\/\/maristelacolucci.com\/wp-content\/uploads\/2023\/01\/00_CAPA-min-1-600x401.jpg 600w\" sizes=\"(max-width: 900px) 100vw, 900px\" \/><\/a><\/div>\n\t\t\t\t\t<\/div>\n\t\t\t\t<\/div><div class=\"t-entry-text\">\n\t\t\t\t\t\t\t\t\t<div class=\"t-entry-text-tc half-block-padding\"><div class=\"t-entry\"><h3 class=\"t-entry-title h6 font-weight-500 title-scale\"><a href=\"https:\/\/maristelacolucci.com\/en\/portfolio\/drive-in-life\/\" target=\"_self\">DRIVE-IN LIFE<\/a><\/h3><\/div><\/div>\n\t\t\t\t\t\t\t<\/div><\/div><\/div><div class=\"tmb atc-typography-inherit tmb-grid tmb-iso-h4 tmb-light tmb-content-center tmb-text-space-reduced tmb-image-anim-magnetic  grid-cat-164 tmb-id-118377 tmb-img-ratio tmb-content-under tmb-media-first tmb-no-bg\" ><div class=\"t-inside animate_when_almost_visible zoom-in\" data-cursor=\"icon-light\"><div class=\"t-entry-visual\"><div class=\"t-entry-visual-tc\"><div class=\"t-entry-visual-cont\"><div class=\"dummy\" style=\"padding-top: 66.7%;\"><\/div><a role=\"button\" tabindex=\"-1\" href=\"https:\/\/maristelacolucci.com\/en\/portfolio\/salvaguarda\/\" class=\"pushed\" target=\"_self\" data-lb-index=\"6\"><div class=\"t-entry-visual-overlay\"><div class=\"t-entry-visual-overlay-in style-dark-bg\" style=\"opacity: 0.5;\"><\/div><\/div><div class=\"t-overlay-wrap\"><div class=\"t-overlay-inner\">\n\t\t\t\t\t\t\t\t\t\t\t\t\t\t<div class=\"t-overlay-content\">\n\t\t\t\t\t\t\t\t\t\t\t\t\t\t\t<div class=\"t-overlay-text half-block-padding\"><div class=\"t-entry t-single-line\"><i class=\"fa fa-plus2 t-overlay-icon\"><\/i><\/div><\/div><\/div><\/div><\/div><img decoding=\"async\" class=\"wp-image-118378\" src=\"https:\/\/maristelacolucci.com\/wp-content\/uploads\/2023\/01\/00_CAPA_Foca-de-Weddell_Antartica__Weddell_seal_Antarctica-min-uai-895x597.jpg\" width=\"895\" height=\"597\" alt=\"\" \/><\/a><\/div>\n\t\t\t\t\t<\/div>\n\t\t\t\t<\/div><div class=\"t-entry-text\">\n\t\t\t\t\t\t\t\t\t<div class=\"t-entry-text-tc half-block-padding\"><div class=\"t-entry\"><h3 class=\"t-entry-title h6 font-weight-500 title-scale\"><a href=\"https:\/\/maristelacolucci.com\/en\/portfolio\/salvaguarda\/\" target=\"_self\">SAFEGUARDING<\/a><\/h3><\/div><\/div>\n\t\t\t\t\t\t\t<\/div><\/div><\/div><div class=\"tmb atc-typography-inherit tmb-grid tmb-iso-h4 tmb-light tmb-content-center tmb-text-space-reduced tmb-image-anim-magnetic  grid-cat-164 tmb-id-118363 tmb-img-ratio tmb-content-under tmb-media-first tmb-no-bg\" ><div class=\"t-inside animate_when_almost_visible zoom-in\" data-cursor=\"icon-light\"><div class=\"t-entry-visual\"><div class=\"t-entry-visual-tc\"><div class=\"t-entry-visual-cont\"><div class=\"dummy\" style=\"padding-top: 66.7%;\"><\/div><a role=\"button\" tabindex=\"-1\" href=\"https:\/\/maristelacolucci.com\/en\/portfolio\/sub\/\" class=\"pushed\" target=\"_self\" data-lb-index=\"7\"><div class=\"t-entry-visual-overlay\"><div class=\"t-entry-visual-overlay-in style-dark-bg\" style=\"opacity: 0.5;\"><\/div><\/div><div class=\"t-overlay-wrap\"><div class=\"t-overlay-inner\">\n\t\t\t\t\t\t\t\t\t\t\t\t\t\t<div class=\"t-overlay-content\">\n\t\t\t\t\t\t\t\t\t\t\t\t\t\t\t<div class=\"t-overlay-text half-block-padding\"><div class=\"t-entry t-single-line\"><i class=\"fa fa-plus2 t-overlay-icon\"><\/i><\/div><\/div><\/div><\/div><\/div><img decoding=\"async\" class=\"wp-image-118364\" src=\"https:\/\/maristelacolucci.com\/wp-content\/uploads\/2023\/01\/00_CAPA_Fernando_de_Noronha_Pernambuco_Brasil-min.jpg\" width=\"900\" height=\"600\" alt=\"\" srcset=\"https:\/\/maristelacolucci.com\/wp-content\/uploads\/2023\/01\/00_CAPA_Fernando_de_Noronha_Pernambuco_Brasil-min.jpg 900w, https:\/\/maristelacolucci.com\/wp-content\/uploads\/2023\/01\/00_CAPA_Fernando_de_Noronha_Pernambuco_Brasil-min-300x200.jpg 300w, https:\/\/maristelacolucci.com\/wp-content\/uploads\/2023\/01\/00_CAPA_Fernando_de_Noronha_Pernambuco_Brasil-min-768x512.jpg 768w, https:\/\/maristelacolucci.com\/wp-content\/uploads\/2023\/01\/00_CAPA_Fernando_de_Noronha_Pernambuco_Brasil-min-18x12.jpg 18w, https:\/\/maristelacolucci.com\/wp-content\/uploads\/2023\/01\/00_CAPA_Fernando_de_Noronha_Pernambuco_Brasil-min-350x233.jpg 350w, https:\/\/maristelacolucci.com\/wp-content\/uploads\/2023\/01\/00_CAPA_Fernando_de_Noronha_Pernambuco_Brasil-min-600x400.jpg 600w\" sizes=\"(max-width: 900px) 100vw, 900px\" \/><\/a><\/div>\n\t\t\t\t\t<\/div>\n\t\t\t\t<\/div><div class=\"t-entry-text\">\n\t\t\t\t\t\t\t\t\t<div class=\"t-entry-text-tc half-block-padding\"><div class=\"t-entry\"><h3 class=\"t-entry-title h6 font-weight-500 title-scale\"><a href=\"https:\/\/maristelacolucci.com\/en\/portfolio\/sub\/\" target=\"_self\">SUB<\/a><\/h3><\/div><\/div>\n\t\t\t\t\t\t\t<\/div><\/div><\/div><div class=\"tmb atc-typography-inherit tmb-grid tmb-iso-h4 tmb-light tmb-content-center tmb-text-space-reduced tmb-image-anim-magnetic  grid-cat-164 tmb-id-118351 tmb-img-ratio tmb-content-under tmb-media-first tmb-no-bg\" ><div class=\"t-inside animate_when_almost_visible zoom-in\" data-cursor=\"icon-light\"><div class=\"t-entry-visual\"><div class=\"t-entry-visual-tc\"><div class=\"t-entry-visual-cont\"><div class=\"dummy\" style=\"padding-top: 66.7%;\"><\/div><a role=\"button\" tabindex=\"-1\" href=\"https:\/\/maristelacolucci.com\/en\/portfolio\/floating\/\" class=\"pushed\" target=\"_self\" data-lb-index=\"8\"><div class=\"t-entry-visual-overlay\"><div class=\"t-entry-visual-overlay-in style-dark-bg\" style=\"opacity: 0.5;\"><\/div><\/div><div class=\"t-overlay-wrap\"><div class=\"t-overlay-inner\">\n\t\t\t\t\t\t\t\t\t\t\t\t\t\t<div class=\"t-overlay-content\">\n\t\t\t\t\t\t\t\t\t\t\t\t\t\t\t<div class=\"t-overlay-text half-block-padding\"><div class=\"t-entry t-single-line\"><i class=\"fa fa-plus2 t-overlay-icon\"><\/i><\/div><\/div><\/div><\/div><\/div><img decoding=\"async\" class=\"wp-image-118352\" src=\"https:\/\/maristelacolucci.com\/wp-content\/uploads\/2023\/01\/00_CAPA-min-uai-900x600.jpg\" width=\"900\" height=\"600\" alt=\"\" \/><\/a><\/div>\n\t\t\t\t\t<\/div>\n\t\t\t\t<\/div><div class=\"t-entry-text\">\n\t\t\t\t\t\t\t\t\t<div class=\"t-entry-text-tc half-block-padding\"><div class=\"t-entry\"><h3 class=\"t-entry-title h6 font-weight-500 title-scale\"><a href=\"https:\/\/maristelacolucci.com\/en\/portfolio\/floating\/\" target=\"_self\">FLOATING<\/a><\/h3><\/div><\/div>\n\t\t\t\t\t\t\t<\/div><\/div><\/div><div class=\"tmb atc-typography-inherit tmb-grid tmb-iso-h4 tmb-light tmb-content-center tmb-text-space-reduced tmb-image-anim-magnetic  grid-cat-164 tmb-id-118389 tmb-img-ratio tmb-content-under tmb-media-first tmb-no-bg\" ><div class=\"t-inside animate_when_almost_visible zoom-in\" data-cursor=\"icon-light\"><div class=\"t-entry-visual\"><div class=\"t-entry-visual-tc\"><div class=\"t-entry-visual-cont\"><div class=\"dummy\" style=\"padding-top: 66.7%;\"><\/div><a role=\"button\" tabindex=\"-1\" href=\"https:\/\/maristelacolucci.com\/en\/portfolio\/eu-me-lembro\/\" class=\"pushed\" target=\"_self\" data-lb-index=\"9\"><div class=\"t-entry-visual-overlay\"><div class=\"t-entry-visual-overlay-in style-dark-bg\" style=\"opacity: 0.5;\"><\/div><\/div><div class=\"t-overlay-wrap\"><div class=\"t-overlay-inner\">\n\t\t\t\t\t\t\t\t\t\t\t\t\t\t<div class=\"t-overlay-content\">\n\t\t\t\t\t\t\t\t\t\t\t\t\t\t\t<div class=\"t-overlay-text half-block-padding\"><div class=\"t-entry t-single-line\"><i class=\"fa fa-plus2 t-overlay-icon\"><\/i><\/div><\/div><\/div><\/div><\/div><img decoding=\"async\" class=\"wp-image-118390\" src=\"https:\/\/maristelacolucci.com\/wp-content\/uploads\/2023\/01\/00_CAPA_Com_avo_e_tio-avo_maternos_Santos_SP__With_maternal_grandfather_and_great-uncle_Santos_Brazil_1934-min-uai-900x600.jpg\" width=\"900\" height=\"600\" alt=\"\" \/><\/a><\/div>\n\t\t\t\t\t<\/div>\n\t\t\t\t<\/div><div class=\"t-entry-text\">\n\t\t\t\t\t\t\t\t\t<div class=\"t-entry-text-tc half-block-padding\"><div class=\"t-entry\"><h3 class=\"t-entry-title h6 font-weight-500 title-scale\"><a href=\"https:\/\/maristelacolucci.com\/en\/portfolio\/eu-me-lembro\/\" target=\"_self\">I REMEMBER - LATENT DIALOGUES, ESSENTIAL AFFECTION<\/a><\/h3><\/div><\/div>\n\t\t\t\t\t\t\t<\/div><\/div><\/div><div class=\"tmb atc-typography-inherit tmb-grid tmb-iso-h4 tmb-light tmb-content-center tmb-text-space-reduced tmb-image-anim-magnetic  grid-cat-164 tmb-id-118219 tmb-img-ratio tmb-content-under tmb-media-first tmb-no-bg\" ><div class=\"t-inside animate_when_almost_visible zoom-in\" data-cursor=\"icon-light\"><div class=\"t-entry-visual\"><div class=\"t-entry-visual-tc\"><div class=\"t-entry-visual-cont\"><div class=\"dummy\" style=\"padding-top: 66.7%;\"><\/div><a role=\"button\" tabindex=\"-1\" href=\"https:\/\/maristelacolucci.com\/en\/portfolio\/its-raining-red-people\/\" class=\"pushed\" target=\"_self\" data-lb-index=\"10\"><div class=\"t-entry-visual-overlay\"><div class=\"t-entry-visual-overlay-in style-dark-bg\" style=\"opacity: 0.5;\"><\/div><\/div><div class=\"t-overlay-wrap\"><div class=\"t-overlay-inner\">\n\t\t\t\t\t\t\t\t\t\t\t\t\t\t<div class=\"t-overlay-content\">\n\t\t\t\t\t\t\t\t\t\t\t\t\t\t\t<div class=\"t-overlay-text half-block-padding\"><div class=\"t-entry t-single-line\"><i class=\"fa fa-plus2 t-overlay-icon\"><\/i><\/div><\/div><\/div><\/div><\/div><img decoding=\"async\" class=\"wp-image-118423\" src=\"https:\/\/maristelacolucci.com\/wp-content\/uploads\/2022\/11\/00_CAPA_Jericoacoara_Ceara_Brasil__Jericoacoara_Brazil-min-uai-900x600.jpg\" width=\"900\" height=\"600\" alt=\"\" \/><\/a><\/div>\n\t\t\t\t\t<\/div>\n\t\t\t\t<\/div><div class=\"t-entry-text\">\n\t\t\t\t\t\t\t\t\t<div class=\"t-entry-text-tc half-block-padding\"><div class=\"t-entry\"><h3 class=\"t-entry-title h6 font-weight-500 title-scale\"><a href=\"https:\/\/maristelacolucci.com\/en\/portfolio\/its-raining-red-people\/\" target=\"_self\">IT\u2019S RAINING RED PEOPLE (And I feel good)<\/a><\/h3><\/div><\/div>\n\t\t\t\t\t\t\t<\/div><\/div><\/div>\t\t<\/div>\t\n\t\n\n\t<\/div>\t\t\t\t<\/div>\n<\/div><\/div><\/div><\/div><\/div><script id=\"script-row-unique-0\" data-row=\"script-row-unique-0\" type=\"text\/javascript\" class=\"vc_controls\">UNCODE.initRow(document.getElementById(\"row-unique-0\"));<\/script><\/div><\/div><\/div>\n<\/div>","protected":false},"excerpt":{"rendered":"HomePortfolioIT'S RAINING RED PEOPLE (And I feel good) Jericoacoara - Cear\u00e1 - Brasil Mata Atl\u00e2ntica - Brasil C\u00edrculo Polar \u00c1rtico [...]","protected":false},"author":1,"featured_media":0,"parent":0,"menu_order":0,"comment_status":"closed","ping_status":"closed","template":"","meta":{"_themeisle_gutenberg_block_has_review":false,"footnotes":""},"class_list":["post-118114","page","type-page","status-publish","hentry"],"_links":{"self":[{"href":"https:\/\/maristelacolucci.com\/en\/wp-json\/wp\/v2\/pages\/118114","targetHints":{"allow":["GET"]}}],"collection":[{"href":"https:\/\/maristelacolucci.com\/en\/wp-json\/wp\/v2\/pages"}],"about":[{"href":"https:\/\/maristelacolucci.com\/en\/wp-json\/wp\/v2\/types\/page"}],"author":[{"embeddable":true,"href":"https:\/\/maristelacolucci.com\/en\/wp-json\/wp\/v2\/users\/1"}],"replies":[{"embeddable":true,"href":"https:\/\/maristelacolucci.com\/en\/wp-json\/wp\/v2\/comments?post=118114"}],"version-history":[{"count":18,"href":"https:\/\/maristelacolucci.com\/en\/wp-json\/wp\/v2\/pages\/118114\/revisions"}],"predecessor-version":[{"id":119193,"href":"https:\/\/maristelacolucci.com\/en\/wp-json\/wp\/v2\/pages\/118114\/revisions\/119193"}],"wp:attachment":[{"href":"https:\/\/maristelacolucci.com\/en\/wp-json\/wp\/v2\/media?parent=118114"}],"curies":[{"name":"wp","href":"https:\/\/api.w.org\/{rel}","templated":true}]}}