{"id":118144,"date":"2022-11-21T21:18:34","date_gmt":"2022-11-21T21:18:34","guid":{"rendered":"https:\/\/maristelacolucci.com\/?page_id=118144"},"modified":"2025-07-07T20:13:57","modified_gmt":"2025-07-07T20:13:57","slug":"maristela-bio","status":"publish","type":"page","link":"https:\/\/maristelacolucci.com\/en\/maristela-bio\/","title":{"rendered":"Maristela Bio"},"content":{"rendered":"<div class=\"wpb-content-wrapper\"><div data-parent=\"true\" class=\"vc_row style-color-xsdn-bg row-container\" id=\"row-unique-0\"><div class=\"row col-double-gutter exa-top-padding exa-bottom-padding single-h-padding limit-width row-parent\"><div class=\"wpb_row row-inner\"><div class=\"wpb_column pos-top pos-center align_center column_parent col-lg-12 single-internal-gutter\"><div class=\"uncol style-light\"  ><div class=\"uncoltable\"><div class=\"uncell no-block-padding\" ><div class=\"uncont\" ><div class=\"vc_custom_heading_wrap\"><div class=\"heading-text el-text\" ><h1 class=\"font-weight-600\" ><span>Bio<\/span><\/h1><\/div><div class=\"clear\"><\/div><\/div><\/div><\/div><\/div><\/div><\/div><script id=\"script-row-unique-0\" data-row=\"script-row-unique-0\" type=\"text\/javascript\" class=\"vc_controls\">UNCODE.initRow(document.getElementById(\"row-unique-0\"));<\/script><\/div><\/div><\/div><div data-parent=\"true\" class=\"vc_row row-container has-dividers\" id=\"row-unique-1\"><div class=\"uncode-divider-wrap uncode-divider-wrap-top z_index_0\" style=\"height: 100%;\" data-height=\"100\" data-unit=\"%\"><svg version=\"1.1\" class=\"uncode-row-divider uncode-row-divider-step_1_2\" x=\"0px\" y=\"0px\" width=\"240px\" height=\"24px\" viewbox=\"0 0 240 24\" enable-background=\"new 0 0 240 24\" xml:space=\"preserve\" preserveaspectratio=\"none\">\n\t\t<path fill=\"#f7f7f7\" d=\"M120,0v24H0V0H120z\"\/>\n\t\t<\/svg><\/div><div class=\"row col-double-gutter quad-top-padding quad-bottom-padding double-h-padding full-width row-parent\"><div class=\"wpb_row row-inner\"><div class=\"wpb_column pos-middle pos-center align_left column_parent col-lg-2 col-md-25 single-internal-gutter\"><div class=\"uncol style-light\"  ><div class=\"uncoltable\"><div class=\"uncell no-block-padding    parallax-el\" data-rellax-percentage=\"0.5\" data-rellax-speed=\"4\"><div class=\"uncont\" ><div class=\"uncode-single-media  text-left\"><div class=\"single-wrapper\" style=\"max-width: 100%;\"><div class=\"uncode-single-media-wrapper single-advanced\"><div class=\"tmb tmb-light tmb-overlay-text-anim tmb-overlay-anim tmb-desaturated tmb-image-color-anim tmb-overlay-text-left tmb-image-anim  tmb-img-ratio tmb-media-first tmb-media-last tmb-content-overlay tmb-no-bg\" ><div class=\"t-inside\" ><div class=\"t-entry-visual\"><div class=\"t-entry-visual-tc\"><div class=\"t-entry-visual-cont\"><div class=\"dummy\" style=\"padding-top: 80%;\"><\/div><a  class=\"inactive-link pushed\"><div class=\"t-entry-visual-overlay\"><div class=\"t-entry-visual-overlay-in color-xsdn style-color-xsdn-bg\" style=\"opacity: 0.01;\"><\/div><\/div><img decoding=\"async\" class=\"wp-image-118319\" src=\"https:\/\/maristelacolucci.com\/wp-content\/uploads\/2022\/12\/bio_site_Vanuatu_PacificoSul-uai-1070x856.jpg\" width=\"1070\" height=\"856\" alt=\"\" \/><\/a><\/div>\n\t\t\t\t\t<\/div>\n\t\t\t\t<\/div><\/div><\/div><\/div><\/div><figcaption>Vanuatu, South Pacific<\/figcaption><\/div><\/div><\/div><\/div><\/div><\/div><div class=\"wpb_column pos-top pos-center align_left column_parent col-lg-6 col-md-50 single-internal-gutter\"><div class=\"uncol style-light font-175345\"  ><div class=\"uncoltable\"><div class=\"uncell no-block-padding    parallax-el\" data-rellax-speed=\"2\"><div class=\"uncont\" ><div class=\"uncode-single-media  text-left\"><div class=\"single-wrapper\" style=\"max-width: 100%;\"><div class=\"uncode-single-media-wrapper single-advanced\"><div class=\"tmb tmb-light tmb-overlay-text-anim tmb-overlay-anim tmb-desaturated tmb-image-color-anim tmb-overlay-text-left tmb-image-anim  tmb-img-ratio tmb-media-first tmb-media-last tmb-content-overlay tmb-no-bg\" ><div class=\"t-inside\" ><div class=\"t-entry-visual\"><div class=\"t-entry-visual-tc\"><div class=\"t-entry-visual-cont\"><div class=\"dummy\" style=\"padding-top: 100%;\"><\/div><a  class=\"inactive-link pushed\"><div class=\"t-entry-visual-overlay\"><div class=\"t-entry-visual-overlay-in color-xsdn style-color-xsdn-bg\" style=\"opacity: 0.01;\"><\/div><\/div><img decoding=\"async\" class=\"wp-image-118315\" src=\"https:\/\/maristelacolucci.com\/wp-content\/uploads\/2022\/12\/bio_site_Atlantico-1-uai-840x840.jpg\" width=\"840\" height=\"840\" alt=\"\" \/><\/a><\/div>\n\t\t\t\t\t<\/div>\n\t\t\t\t<\/div><\/div><\/div><\/div><\/div><figcaption>Atlantic Ocean<\/figcaption><\/div><div  class=\"vertical-text vertical-text--flip vertical-text--right vertical-text--top shift_right_x_single\">Since 1986 \u2e3b<\/div><\/div><\/div><\/div><\/div><\/div><div class=\"wpb_column pos-middle pos-center align_left column_parent col-lg-4 col-md-25 single-internal-gutter\"><div class=\"uncol style-light\"  ><div class=\"uncoltable\"><div class=\"uncell no-block-padding    parallax-el\" data-rellax-speed=\"1\"><div class=\"uncont\" ><div class=\"uncode-single-media  text-left\"><div class=\"single-wrapper\" style=\"max-width: 100%;\"><div class=\"uncode-single-media-wrapper single-advanced\"><div class=\"tmb tmb-light tmb-overlay-text-anim tmb-overlay-anim tmb-desaturated tmb-image-color-anim tmb-overlay-text-left tmb-image-anim  tmb-img-ratio tmb-media-first tmb-media-last tmb-content-overlay tmb-no-bg\" ><div class=\"t-inside\" ><div class=\"t-entry-visual\"><div class=\"t-entry-visual-tc\"><div class=\"t-entry-visual-cont\"><div class=\"dummy\" style=\"padding-top: 66.6%;\"><\/div><a  class=\"inactive-link pushed\"><div class=\"t-entry-visual-overlay\"><div class=\"t-entry-visual-overlay-in style-dark-bg\" style=\"opacity: 0.01;\"><\/div><\/div><img decoding=\"async\" class=\"wp-image-118320\" src=\"https:\/\/maristelacolucci.com\/wp-content\/uploads\/2022\/12\/bio_site_Vernadsky_ANTARTICA-1-uai-1300x866.jpg\" width=\"1300\" height=\"866\" alt=\"\" \/><\/a><\/div>\n\t\t\t\t\t<\/div>\n\t\t\t\t<\/div><\/div><\/div><\/div><\/div><figcaption>Vernadsky, Antarctica<\/figcaption><\/div><\/div><\/div><\/div><\/div><\/div><script id=\"script-row-unique-1\" data-row=\"script-row-unique-1\" type=\"text\/javascript\" class=\"vc_controls\">UNCODE.initRow(document.getElementById(\"row-unique-1\"));<\/script><\/div><\/div><\/div><div data-parent=\"true\" class=\"vc_row row-container\" id=\"row-unique-2\"><div class=\"row col-double-gutter double-top-padding double-bottom-padding single-h-padding limit-width row-parent\"><div class=\"wpb_row row-inner\"><div class=\"wpb_column pos-top pos-center align_left column_parent col-lg-3 tablet-hidden mobile-hidden single-internal-gutter\"><div class=\"uncol style-light\"  ><div class=\"uncoltable\"><div class=\"uncell no-block-padding\" ><div class=\"uncont\" ><\/div><\/div><\/div><\/div><\/div><div class=\"wpb_column pos-top pos-center align_left column_parent col-lg-6 single-internal-gutter\"><div class=\"uncol style-light font-175345\"  ><div class=\"uncoltable\"><div class=\"uncell no-block-padding\" ><div class=\"uncont\" ><div class=\"vc_custom_heading_wrap\"><div class=\"heading-text el-text\" ><\/div><div class=\"clear\"><\/div><\/div><div class=\"uncode_text_column\" ><p>Maristela Colucci is a photographer and visual artist, graphic designer, book publisher and cultural producer.<\/p>\n<p>She presented six solo exhibitions in Brazil and one in Lisbon, Portugal. Collectively, she exhibited in Brazil in museums such as MAM and MIS and also at Memorial of Latin America. Also in Colombia, Italy, Thailand, Portugal and the United States.<\/p>\n<p>Her images feature on 24 stamps in Brazil and on phone cards.<\/p>\n<p>They are also present in the following collections: MAM (Verde Lente), FNAC and BnF - Biblioth\u00e8que nationale de France.<\/p>\n<p>She has published eight photobooks and since 2010 she has been in charge of Gr\u00e3o Editora.<\/p>\n<\/div><\/div><\/div><\/div><\/div><\/div><div class=\"wpb_column pos-top pos-center align_left column_parent col-lg-3 tablet-hidden mobile-hidden single-internal-gutter\"><div class=\"uncol style-light\"  ><div class=\"uncoltable\"><div class=\"uncell no-block-padding\" ><div class=\"uncont\" ><\/div><\/div><\/div><\/div><\/div><script id=\"script-row-unique-2\" data-row=\"script-row-unique-2\" type=\"text\/javascript\" class=\"vc_controls\">UNCODE.initRow(document.getElementById(\"row-unique-2\"));<\/script><\/div><\/div><\/div><div data-parent=\"true\" class=\"vc_row row-container has-dividers\" id=\"row-unique-3\"><div class=\"uncode-divider-wrap uncode-divider-wrap-top z_index_0 uncode-divider-flip\" style=\"height: 100%;\" data-height=\"100\" data-unit=\"%\"><svg version=\"1.1\" class=\"uncode-row-divider uncode-row-divider-step_3_4\" x=\"0px\" y=\"0px\" width=\"240px\" height=\"24px\" viewbox=\"0 0 240 24\" enable-background=\"new 0 0 240 24\" xml:space=\"preserve\" preserveaspectratio=\"none\">\n\t\t<path fill=\"#f7f7f7\" d=\"M0,0v24h180V0H0z\"\/>\n\t\t<\/svg><\/div><div class=\"row col-double-gutter quad-top-padding quad-bottom-padding single-h-padding limit-width row-parent\"><div class=\"wpb_row row-inner\"><div class=\"wpb_column pos-middle pos-center align_left column_parent col-lg-5 col-md-50 single-internal-gutter\"><div class=\"uncol style-light font-175345\"  ><div class=\"uncoltable\"><div class=\"uncell no-block-padding    parallax-el\" data-rellax-percentage=\"0.5\" data-rellax-speed=\"4\"><div class=\"uncont\" ><div class=\"uncode-single-media  text-left\"><div class=\"single-wrapper\" style=\"max-width: 100%;\"><div class=\"uncode-single-media-wrapper single-advanced\"><div class=\"tmb tmb-light tmb-overlay-text-anim tmb-overlay-anim tmb-desaturated tmb-image-color-anim tmb-overlay-text-left tmb-image-anim  tmb-img-ratio tmb-media-first tmb-media-last tmb-content-overlay tmb-no-bg\" ><div class=\"t-inside\" ><div class=\"t-entry-visual\"><div class=\"t-entry-visual-tc\"><div class=\"t-entry-visual-cont\"><div class=\"dummy\" style=\"padding-top: 66.7%;\"><\/div><a  class=\"inactive-link pushed\"><div class=\"t-entry-visual-overlay\"><div class=\"t-entry-visual-overlay-in style-dark-bg\" style=\"opacity: 0.01;\"><\/div><\/div><img decoding=\"async\" class=\"wp-image-118318\" src=\"https:\/\/maristelacolucci.com\/wp-content\/uploads\/2022\/12\/bio_site_Peninsula_do_Labrador_Canada-1-uai-1237x825.jpg\" width=\"1237\" height=\"825\" alt=\"\" \/><\/a><\/div>\n\t\t\t\t\t<\/div>\n\t\t\t\t<\/div><\/div><\/div><\/div><\/div><figcaption>Labrador Peninsula, Canada\u00a0<\/figcaption><\/div><div  class=\"vertical-text vertical-text--noflip vertical-text--left vertical-text--top shift_x_neg_single\">On the road, at the sea! \u2e3b<\/div><\/div><\/div><\/div><\/div><\/div><div class=\"wpb_column pos-top pos-center align_left column_parent col-lg-7 col-md-50 single-internal-gutter\"><div class=\"uncol style-light\"  ><div class=\"uncoltable\"><div class=\"uncell no-block-padding    parallax-el\" data-rellax-percentage=\"0.5\" data-rellax-speed=\"1\"><div class=\"uncont\" ><div class=\"vc_row row-internal row-container\"><div class=\"row row-child\"><div class=\"wpb_row row-inner\"><div class=\"wpb_column pos-top pos-center align_left column_child col-lg-4 tablet-hidden mobile-hidden single-internal-gutter\"><div class=\"uncol style-light\" ><div class=\"uncoltable\"><div class=\"uncell no-block-padding\" ><div class=\"uncont\" ><\/div><\/div><\/div><\/div><\/div><div class=\"wpb_column pos-top pos-center align_right column_child col-lg-8 single-internal-gutter\"><div class=\"uncol style-light\" ><div class=\"uncoltable\"><div class=\"uncell no-block-padding\" ><div class=\"uncont\" ><div class=\"vc_custom_heading_wrap\"><div class=\"heading-text el-text\" ><h6 class=\"h4 font-weight-400\" ><span>On assignment \u2e3b<\/span><\/h6><\/div><div class=\"clear\"><\/div><\/div><\/div><\/div><\/div><\/div><\/div><\/div><\/div><\/div><div class=\"uncode-single-media  text-left\"><div class=\"single-wrapper\" style=\"max-width: 100%;\"><div class=\"uncode-single-media-wrapper single-advanced\"><div class=\"tmb tmb-light tmb-overlay-text-anim tmb-overlay-anim tmb-desaturated tmb-image-color-anim tmb-overlay-text-left tmb-image-anim  tmb-img-ratio tmb-media-first tmb-media-last tmb-content-overlay tmb-no-bg\" ><div class=\"t-inside\" ><div class=\"t-entry-visual\"><div class=\"t-entry-visual-tc\"><div class=\"t-entry-visual-cont\"><div class=\"dummy\" style=\"padding-top: 100%;\"><\/div><a  class=\"inactive-link pushed\"><div class=\"t-entry-visual-overlay\"><div class=\"t-entry-visual-overlay-in style-dark-bg\" style=\"opacity: 0.01;\"><\/div><\/div><img decoding=\"async\" class=\"wp-image-118317\" src=\"https:\/\/maristelacolucci.com\/wp-content\/uploads\/2022\/12\/bio_site_Litoral_Norte_SP-1-uai-1188x1188.jpg\" width=\"1188\" height=\"1188\" alt=\"\" \/><\/a><\/div>\n\t\t\t\t\t<\/div>\n\t\t\t\t<\/div><\/div><\/div><\/div><\/div><figcaption>Ubatuba, S\u00e3o Paulo, Brazil<\/figcaption><\/div><\/div><\/div><\/div><\/div><\/div><script id=\"script-row-unique-3\" data-row=\"script-row-unique-3\" type=\"text\/javascript\" class=\"vc_controls\">UNCODE.initRow(document.getElementById(\"row-unique-3\"));<\/script><\/div><\/div><\/div><div data-parent=\"true\" class=\"vc_row row-container\" id=\"row-unique-4\"><div class=\"row col-double-gutter double-top-padding exa-bottom-padding single-h-padding limit-width row-parent\"><div class=\"wpb_row row-inner\"><div class=\"wpb_column pos-top pos-center align_left column_parent col-lg-3 tablet-hidden mobile-hidden single-internal-gutter\"><div class=\"uncol style-light\"  ><div class=\"uncoltable\"><div class=\"uncell no-block-padding\" ><div class=\"uncont\" ><\/div><\/div><\/div><\/div><\/div><div class=\"wpb_column pos-top pos-center align_left column_parent col-lg-6 single-internal-gutter\"><div class=\"uncol style-light font-175345\"  ><div class=\"uncoltable\"><div class=\"uncell no-block-padding\" ><div class=\"uncont\" ><div class=\"uncode_text_column\" ><\/p>\n<h2>Author books:<\/h2>\n<p class=\"translation-block\">2015 - BUSCADOR (e-book)<br>\n2011 - THE BOYS OF CONGADA, Gr\u00e3o Editora<br>\n2010 - ILHABELA, Ed. Metalivros<br>\n2009 - SUB, VOYAGE TO SUBMARINE BRAZIL, Gr\u00e3o Editora<br>\n2009 - PACIFIC CROSSING, Ed. Terra Virgem<br>\n2007 - ANTARCTICA, A WORLD MADE OF ICE, Ed. Cia das Letrinhas<br>\n2006 - NORTHERN ROUTE, Ed. Terra Virgem<br>\n2005 - SUBMARINE BRAZIL, Ed. Metalivros<br><\/p>\n<h2>Books<\/h2>\n<p class=\"translation-block\">2010 - Meetings with Photography - FNAC Brasil Collection<br>\n2000 - Brazil - 22 April 500\/1999 - 100 photographers portray the daily life of the country in 24 hours<br>\n1998 - Brazil - Splendid Land, Ed. Terra das Artes<br>\n1998 - ALC\u00c2NTARA, Araqu\u00e9m, Terra Brasil<br>\n1997 - Our National Parks, Volkswagen do Brasil<br>\n1997 - Brazil Adventure Odyssey, Ed. Terra Virgem<br>\n1996 - National Parks - Brazil, Ibama - Empresa das Artes<br>\n1996 - Where Brazil is Most Beautiful, Editora Azul<br>\n1995 - DE BONI, Z\u00e9, Verde Lente, Empresa das Artes<br>\n1995 - HETZEL, Bia, L. Lodi and S. Negreiros, Fernando de Noronha, Pr\u00eamio Editorial<br>\n1994 - Hetzel, Bia, org. - Corais do Sul da Bahia, Editora Nova Fronteira<br>\n1989 - Visions of Nature, Mercedes Benz do Brasil<\/p>\n<h2>Main Solo Exhibitions<\/h2>\n<p>2024 - Villa Bella - itinerant exhibition across the following cities: S\u00e3o Paulo (MIS Museum of Image and Sound), Ubatuba (Teatro Municipal), and Caraguatatuba (MACC - Museum of Art and Culture of Caraguatatuba)<br \/>\n2021 - Villa Bella - Iconographic memory of a beautiful island (Ilhabela 1900-1980), FUNDACI, Ilhabela, SP<br \/>\n2004 - Congada de Ilhabela - Secretaria da Cultura, Ilhabela, SP<br \/>\n1999 - Polaris - 80 days of sailing across Antarctica and South Georgia - SESC POMP\u00c9IA, SP<br \/>\n1998 - Submarine Brazil  - EXPO 98 - Brazil Pavilion, Lisbon,\u00a0Portugal<br \/>\n1997 - Tribute to Water - Mr. Fish Gallery, S\u00e3o Paulo, 1997<br \/>\n1991 - The Mystery of Irma Vap - Teatro Cultura Art\u00edstica, SP<br \/>\n1988 - Acquerello - Clube de Cria\u00e7\u00e3o de S\u00e3o Paulo, SP<br \/>\n1987 - Marcel Marceau - Teatro Cultura Art\u00edstica, SP<\/p>\n<h2>Main Group Exhibitions<\/h2>\n<p>2020 &#8211; #ICPConcerned &#8211; Global Images for Global Crisis, ICP, New York, USA<br \/>\n2017 - From 100 to 1,000 - Tato Gallery, SP (with \"Floating\")<br \/>\n2015 - The Portrait - Tiradentes Festival, Tiradentes, MG<br \/>\n(with \"I REMEMBER - Latent dialogues, essential affections\")<br \/>\n2015 - Hybrid Memories - BAC Gallery - Contemporary Art Bogota, Colombia<br \/>\n(with \"IT\u2019S RAINING RED PEOPLE\")<br \/>\n2015 - Contemporary Venice - Palazzo Flangini, Venezia, Italy<br \/>\n(with \"IT\u2019S RAINING RED PEOPLE\")<br \/>\n2015 - MIRA MOBILE PRIZE - Porto, Portugal<br \/>\n2003 - Project Alcatrazes - 14 years of environmental struggle - 6th International Photography Month, S\u00e3o Paulo<br \/>\n2000 - Brazil - 22 April 500\/1999 - 100 photographers portray the daily life of the country in 24 hours - MIS - MUSEU DA IMAGEM E DO SOM, S\u00e3o Paulo<br \/>\n1997 - Brazil Aventura Odiss\u00e9ias - LATIN AMERICA MEMORIAL, S\u00e3o Paulo<br \/>\n1997 - Verde Lente - 3rd International Month of Photography, MAM<br \/>\n1995 - Brazil Research - 2nd International Month of Photography, CENTRO CULTURAL DE SP<br \/>\n1990\/1992 - Alcatrazes - SECRETARIA DA CULTURA, S\u00e3o Paulo, 1990\/MIS - MUSEU DA IMAGEM E DO SOM, S\u00e3o Paulo, 91; FORUM GLOBAL, Rio-92<\/p>\n<\/div><\/div><\/div><\/div><\/div><\/div><div class=\"wpb_column pos-top pos-center align_left column_parent col-lg-3 tablet-hidden mobile-hidden single-internal-gutter\"><div class=\"uncol style-light\"  ><div class=\"uncoltable\"><div class=\"uncell no-block-padding\" ><div class=\"uncont\" ><\/div><\/div><\/div><\/div><\/div><script id=\"script-row-unique-4\" data-row=\"script-row-unique-4\" type=\"text\/javascript\" class=\"vc_controls\">UNCODE.initRow(document.getElementById(\"row-unique-4\"));<\/script><\/div><\/div><\/div><div data-parent=\"true\" class=\"vc_row row-container has-dividers\" id=\"row-unique-5\"><div class=\"uncode-divider-wrap uncode-divider-wrap-top z_index_0 uncode-divider-flip\" style=\"height: 100%;\" data-height=\"100\" data-unit=\"%\"><svg version=\"1.1\" class=\"uncode-row-divider uncode-row-divider-step_3_4\" x=\"0px\" y=\"0px\" width=\"240px\" height=\"24px\" viewbox=\"0 0 240 24\" enable-background=\"new 0 0 240 24\" xml:space=\"preserve\" preserveaspectratio=\"none\">\n\t\t<path fill=\"#f7f7f7\" d=\"M0,0v24h180V0H0z\"\/>\n\t\t<\/svg><\/div><div class=\"row col-double-gutter quad-top-padding quad-bottom-padding single-h-padding limit-width row-parent\"><div class=\"wpb_row row-inner\"><div class=\"wpb_column pos-top pos-center align_left column_parent col-lg-6 col-md-50 single-internal-gutter\"><div class=\"uncol style-light\"  ><div class=\"uncoltable\"><div class=\"uncell no-block-padding    parallax-el\" data-rellax-percentage=\"0.5\" data-rellax-speed=\"1\"><div class=\"uncont\" ><div class=\"vc_row row-internal row-container\"><div class=\"row row-child\"><div class=\"wpb_row row-inner\"><div class=\"wpb_column pos-top pos-center align_left column_child col-lg-4 tablet-hidden mobile-hidden single-internal-gutter\"><div class=\"uncol style-light\" ><div class=\"uncoltable\"><div class=\"uncell no-block-padding\" ><div class=\"uncont\" ><\/div><\/div><\/div><\/div><\/div><div class=\"wpb_column pos-top pos-center align_right column_child col-lg-8 single-internal-gutter\"><div class=\"uncol style-light\" ><div class=\"uncoltable\"><div class=\"uncell no-block-padding\" ><div class=\"uncont\" ><div class=\"vc_custom_heading_wrap\"><div class=\"heading-text el-text\" ><\/div><div class=\"clear\"><\/div><\/div><\/div><\/div><\/div><\/div><\/div><\/div><\/div><\/div><div class=\"uncode-single-media  text-left\"><div class=\"single-wrapper\" style=\"max-width: 100%;\"><div class=\"uncode-single-media-wrapper single-advanced\"><div class=\"tmb tmb-light tmb-overlay-text-anim tmb-overlay-anim tmb-desaturated tmb-image-color-anim tmb-overlay-text-left tmb-image-anim  tmb-img-ratio tmb-media-first tmb-media-last tmb-content-overlay tmb-no-bg\" ><div class=\"t-inside\" ><div class=\"t-entry-visual\"><div class=\"t-entry-visual-tc\"><div class=\"t-entry-visual-cont\"><div class=\"dummy\" style=\"padding-top: 100%;\"><\/div><a  class=\"inactive-link pushed\"><div class=\"t-entry-visual-overlay\"><div class=\"t-entry-visual-overlay-in style-dark-bg\" style=\"opacity: 0.01;\"><\/div><\/div><img decoding=\"async\" class=\"wp-image-118321\" src=\"https:\/\/maristelacolucci.com\/wp-content\/uploads\/2022\/12\/bio_site_Abrolhos_Bahia-1-uai-821x821.jpg\" width=\"821\" height=\"821\" alt=\"\" \/><\/a><\/div>\n\t\t\t\t\t<\/div>\n\t\t\t\t<\/div><\/div><\/div><\/div><\/div><figcaption>Abrolhos, Bah\u00eda, Brazil<\/figcaption><\/div><\/div><\/div><\/div><\/div><\/div><div class=\"wpb_column pos-middle pos-center align_left column_parent col-lg-6 col-md-50 single-internal-gutter\"><div class=\"uncol style-light font-175345\"  ><div class=\"uncoltable\"><div class=\"uncell no-block-padding    parallax-el\" data-rellax-percentage=\"0.5\" data-rellax-speed=\"4\"><div class=\"uncont\" ><div class=\"uncode-single-media  text-left\"><div class=\"single-wrapper\" style=\"max-width: 100%;\"><div class=\"uncode-single-media-wrapper single-advanced\"><div class=\"tmb tmb-light tmb-overlay-text-anim tmb-overlay-anim tmb-desaturated tmb-image-color-anim tmb-overlay-text-left tmb-image-anim  tmb-img-ratio tmb-media-first tmb-media-last tmb-content-overlay tmb-no-bg\" ><div class=\"t-inside\" ><div class=\"t-entry-visual\"><div class=\"t-entry-visual-tc\"><div class=\"t-entry-visual-cont\"><div class=\"dummy\" style=\"padding-top: 42.9%;\"><\/div><a  class=\"inactive-link pushed\"><div class=\"t-entry-visual-overlay\"><div class=\"t-entry-visual-overlay-in style-dark-bg\" style=\"opacity: 0.01;\"><\/div><\/div><img decoding=\"async\" class=\"wp-image-118316\" src=\"https:\/\/maristelacolucci.com\/wp-content\/uploads\/2022\/12\/bio_site_Georgia_do_Sul-1-uai-1563x670.jpg\" width=\"1563\" height=\"670\" alt=\"\" \/><\/a><\/div>\n\t\t\t\t\t<\/div>\n\t\t\t\t<\/div><\/div><\/div><\/div><\/div><figcaption>South\u00a0Georgia\u00a0Islands\u00a0<\/figcaption><\/div><div  class=\"vertical-text vertical-text--noflip vertical-text--left vertical-text--top shift_x_neg_single\">Never stop exploring \u2e3b<\/p>\n<p><\/div><\/div><\/div><\/div><\/div><\/div><script id=\"script-row-unique-5\" data-row=\"script-row-unique-5\" type=\"text\/javascript\" class=\"vc_controls\">UNCODE.initRow(document.getElementById(\"row-unique-5\"));<\/script><\/div><\/div><\/div>\n<\/div>","protected":false},"excerpt":{"rendered":"Bio Vanuatu, Pac\u00edfico Sul Oceano\u00a0Atl\u00e2nticoSince 1986 \u2e3b Vernadsky, Ant\u00e1rticaMaristela Colucci \u00e9 fot\u00f3grafa e artista visual, designer gr\u00e1fica, editora de livros, [...]","protected":false},"author":1,"featured_media":0,"parent":0,"menu_order":0,"comment_status":"closed","ping_status":"closed","template":"","meta":{"_themeisle_gutenberg_block_has_review":false,"footnotes":""},"class_list":["post-118144","page","type-page","status-publish","hentry"],"_links":{"self":[{"href":"https:\/\/maristelacolucci.com\/en\/wp-json\/wp\/v2\/pages\/118144","targetHints":{"allow":["GET"]}}],"collection":[{"href":"https:\/\/maristelacolucci.com\/en\/wp-json\/wp\/v2\/pages"}],"about":[{"href":"https:\/\/maristelacolucci.com\/en\/wp-json\/wp\/v2\/types\/page"}],"author":[{"embeddable":true,"href":"https:\/\/maristelacolucci.com\/en\/wp-json\/wp\/v2\/users\/1"}],"replies":[{"embeddable":true,"href":"https:\/\/maristelacolucci.com\/en\/wp-json\/wp\/v2\/comments?post=118144"}],"version-history":[{"count":64,"href":"https:\/\/maristelacolucci.com\/en\/wp-json\/wp\/v2\/pages\/118144\/revisions"}],"predecessor-version":[{"id":118146,"href":"https:\/\/maristelacolucci.com\/en\/wp-json\/wp\/v2\/pages\/118144\/revisions\/118146"}],"wp:attachment":[{"href":"https:\/\/maristelacolucci.com\/en\/wp-json\/wp\/v2\/media?parent=118144"}],"curies":[{"name":"wp","href":"https:\/\/api.w.org\/{rel}","templated":true}]}}